{"id":1656,"date":"2016-06-20T23:11:03","date_gmt":"2016-06-20T23:11:03","guid":{"rendered":"https:\/\/demo05.houzez.co\/?page_id=1656"},"modified":"2025-06-29T19:02:38","modified_gmt":"2025-06-29T16:02:38","slug":"za-nas","status":"publish","type":"page","link":"https:\/\/eurohitproperty.com\/de\/za-nas\/","title":{"rendered":"\u00dcber uns"},"content":{"rendered":"<div data-elementor-type=\"wp-post\" data-elementor-id=\"1656\" class=\"elementor elementor-1656\" data-elementor-post-type=\"page\">\n\t\t\t\t\t\t<section class=\"elementor-section elementor-top-section elementor-element elementor-element-10995d7 elementor-section-boxed elementor-section-height-default elementor-section-height-default elementor-invisible\" data-id=\"10995d7\" data-element_type=\"section\" data-settings=\"{&quot;animation&quot;:&quot;fadeIn&quot;}\">\n\t\t\t\t\t\t<div class=\"elementor-container elementor-column-gap-default\">\n\t\t\t\t\t<div class=\"elementor-column elementor-col-100 elementor-top-column elementor-element elementor-element-a1e598a\" data-id=\"a1e598a\" data-element_type=\"column\">\n\t\t\t<div class=\"elementor-widget-wrap elementor-element-populated\">\n\t\t\t\t\t\t<div class=\"elementor-element elementor-element-731a2b1 animated-slow elementor-invisible elementor-widget elementor-widget-houzez_elementor_icon_box\" data-id=\"731a2b1\" data-element_type=\"widget\" data-settings=\"{&quot;_animation&quot;:&quot;fadeIn&quot;}\" data-widget_type=\"houzez_elementor_icon_box.default\">\n\t\t\t\t<div class=\"elementor-widget-container\">\n\t\t\t\t\t\n        <div class=\"text-with-icons-module row row-cols-1 row-cols-md-2 row-cols-lg-3 g-0\">\n            \n                    <div class=\"text-with-icon-item text-with-icon-item-v2\">\n                        <div class=\"d-flex\">\n                            <div class=\"houzez-icon icon-thumb\">\n                                <img decoding=\"async\" width=\"64\" height=\"64\" src=\"https:\/\/eurohitproperty.com\/wp-content\/uploads\/2025\/03\/buy.png\" class=\"attachment-thumbnail size-thumbnail\" alt=\"\" srcset=\"https:\/\/eurohitproperty.com\/wp-content\/uploads\/2025\/03\/buy.png 64w, https:\/\/eurohitproperty.com\/wp-content\/uploads\/2025\/03\/buy-12x12.png 12w\" sizes=\"(max-width: 64px) 100vw, 64px\" \/>                            <\/div><!-- icon-thumb -->\n                            <div class=\"text-with-icon-content-wrap flex-grow-1\">\n                                <div class=\"text-with-icon-info\">\n                                    <div class=\"text-with-icon-title\">\n                                        <strong>Kauf und Verkauf<\/strong>\n                                    <\/div><!-- text-with-icon-title -->\n                                    <div class=\"text-with-icon-body\">\n                                        Mediation im Immobilienverkauf                                    <\/div><!-- text-with-icon-body -->\n                                <\/div><!-- text-with-icon-info -->\n                                \n                                                                    <div class=\"text-with-icon-link\">\n                                    <a href=\"#\"  ><\/a>\n                                    <\/div>\n                                \n                            <\/div><!-- text-with-icon-content-wrap -->\n                        <\/div><!-- d-flex -->\n                    <\/div><!-- text-with-icon-item  -->\n\n            \n                    <div class=\"text-with-icon-item text-with-icon-item-v2\">\n                        <div class=\"d-flex\">\n                            <div class=\"houzez-icon icon-thumb\">\n                                <img decoding=\"async\" width=\"64\" height=\"64\" src=\"https:\/\/eurohitproperty.com\/wp-content\/uploads\/2025\/03\/deal.png\" class=\"attachment-thumbnail size-thumbnail\" alt=\"\" srcset=\"https:\/\/eurohitproperty.com\/wp-content\/uploads\/2025\/03\/deal.png 64w, https:\/\/eurohitproperty.com\/wp-content\/uploads\/2025\/03\/deal-12x12.png 12w\" sizes=\"(max-width: 64px) 100vw, 64px\" \/>                            <\/div><!-- icon-thumb -->\n                            <div class=\"text-with-icon-content-wrap flex-grow-1\">\n                                <div class=\"text-with-icon-info\">\n                                    <div class=\"text-with-icon-title\">\n                                        <strong>Heute<\/strong>\n                                    <\/div><!-- text-with-icon-title -->\n                                    <div class=\"text-with-icon-body\">\n                                        Mediation von Vermietung und Vermietung von Immobilien                                    <\/div><!-- text-with-icon-body -->\n                                <\/div><!-- text-with-icon-info -->\n                                \n                                                                    <div class=\"text-with-icon-link\">\n                                    <a href=\"#\"  ><\/a>\n                                    <\/div>\n                                \n                            <\/div><!-- text-with-icon-content-wrap -->\n                        <\/div><!-- d-flex -->\n                    <\/div><!-- text-with-icon-item  -->\n\n            \n                    <div class=\"text-with-icon-item text-with-icon-item-v2\">\n                        <div class=\"d-flex\">\n                            <div class=\"houzez-icon icon-thumb\">\n                                <img decoding=\"async\" width=\"64\" height=\"64\" src=\"https:\/\/eurohitproperty.com\/wp-content\/uploads\/2025\/03\/house.png\" class=\"attachment-thumbnail size-thumbnail\" alt=\"\" srcset=\"https:\/\/eurohitproperty.com\/wp-content\/uploads\/2025\/03\/house.png 64w, https:\/\/eurohitproperty.com\/wp-content\/uploads\/2025\/03\/house-12x12.png 12w\" sizes=\"(max-width: 64px) 100vw, 64px\" \/>                            <\/div><!-- icon-thumb -->\n                            <div class=\"text-with-icon-content-wrap flex-grow-1\">\n                                <div class=\"text-with-icon-info\">\n                                    <div class=\"text-with-icon-title\">\n                                        <strong>Analyse der Immobilien<\/strong>\n                                    <\/div><!-- text-with-icon-title -->\n                                    <div class=\"text-with-icon-body\">\n                                        Marketingforschung auf dem Immobilienmarkt                                    <\/div><!-- text-with-icon-body -->\n                                <\/div><!-- text-with-icon-info -->\n                                \n                                                                    <div class=\"text-with-icon-link\">\n                                    <a href=\"#\"  ><\/a>\n                                    <\/div>\n                                \n                            <\/div><!-- text-with-icon-content-wrap -->\n                        <\/div><!-- d-flex -->\n                    <\/div><!-- text-with-icon-item  -->\n\n            \n                    <div class=\"text-with-icon-item text-with-icon-item-v2\">\n                        <div class=\"d-flex\">\n                            <div class=\"houzez-icon icon-thumb\">\n                                <img loading=\"lazy\" decoding=\"async\" width=\"64\" height=\"64\" src=\"https:\/\/eurohitproperty.com\/wp-content\/uploads\/2025\/03\/tax.png\" class=\"attachment-thumbnail size-thumbnail\" alt=\"\" srcset=\"https:\/\/eurohitproperty.com\/wp-content\/uploads\/2025\/03\/tax.png 64w, https:\/\/eurohitproperty.com\/wp-content\/uploads\/2025\/03\/tax-12x12.png 12w\" sizes=\"(max-width: 64px) 100vw, 64px\" \/>                            <\/div><!-- icon-thumb -->\n                            <div class=\"text-with-icon-content-wrap flex-grow-1\">\n                                <div class=\"text-with-icon-info\">\n                                    <div class=\"text-with-icon-title\">\n                                        <strong>Hypothekarkredite<\/strong>\n                                    <\/div><!-- text-with-icon-title -->\n                                    <div class=\"text-with-icon-body\">\n                                        Beratung und Unterst\u00fctzung bei der Anwendung und Erhalt von Hypothekendarlehen                                    <\/div><!-- text-with-icon-body -->\n                                <\/div><!-- text-with-icon-info -->\n                                \n                                                                    <div class=\"text-with-icon-link\">\n                                    <a href=\"#\"  ><\/a>\n                                    <\/div>\n                                \n                            <\/div><!-- text-with-icon-content-wrap -->\n                        <\/div><!-- d-flex -->\n                    <\/div><!-- text-with-icon-item  -->\n\n            \n                    <div class=\"text-with-icon-item text-with-icon-item-v2\">\n                        <div class=\"d-flex\">\n                            <div class=\"houzez-icon icon-thumb\">\n                                <img loading=\"lazy\" decoding=\"async\" width=\"64\" height=\"64\" src=\"https:\/\/eurohitproperty.com\/wp-content\/uploads\/2025\/03\/rent.png\" class=\"attachment-thumbnail size-thumbnail\" alt=\"\" srcset=\"https:\/\/eurohitproperty.com\/wp-content\/uploads\/2025\/03\/rent.png 64w, https:\/\/eurohitproperty.com\/wp-content\/uploads\/2025\/03\/rent-12x12.png 12w\" sizes=\"(max-width: 64px) 100vw, 64px\" \/>                            <\/div><!-- icon-thumb -->\n                            <div class=\"text-with-icon-content-wrap flex-grow-1\">\n                                <div class=\"text-with-icon-info\">\n                                    <div class=\"text-with-icon-title\">\n                                        <strong>Formen von Dokumenten<\/strong>\n                                    <\/div><!-- text-with-icon-title -->\n                                    <div class=\"text-with-icon-body\">\n                                        Vorl\u00e4ufige Pr\u00fcfung, Pr\u00fcfung und Vorlage von Dokumenten zur Abschlusspr\u00fcfung von Immobilientransaktionen                                    <\/div><!-- text-with-icon-body -->\n                                <\/div><!-- text-with-icon-info -->\n                                \n                                                                    <div class=\"text-with-icon-link\">\n                                    <a href=\"#\"  ><\/a>\n                                    <\/div>\n                                \n                            <\/div><!-- text-with-icon-content-wrap -->\n                        <\/div><!-- d-flex -->\n                    <\/div><!-- text-with-icon-item  -->\n\n            \n                    <div class=\"text-with-icon-item text-with-icon-item-v2\">\n                        <div class=\"d-flex\">\n                            <div class=\"houzez-icon icon-thumb\">\n                                <img loading=\"lazy\" decoding=\"async\" width=\"64\" height=\"64\" src=\"https:\/\/eurohitproperty.com\/wp-content\/uploads\/2025\/03\/auction.png\" class=\"attachment-thumbnail size-thumbnail\" alt=\"\" srcset=\"https:\/\/eurohitproperty.com\/wp-content\/uploads\/2025\/03\/auction.png 64w, https:\/\/eurohitproperty.com\/wp-content\/uploads\/2025\/03\/auction-12x12.png 12w\" sizes=\"(max-width: 64px) 100vw, 64px\" \/>                            <\/div><!-- icon-thumb -->\n                            <div class=\"text-with-icon-content-wrap flex-grow-1\">\n                                <div class=\"text-with-icon-info\">\n                                    <div class=\"text-with-icon-title\">\n                                        <strong>Rechtliche Fragen<\/strong>\n                                    <\/div><!-- text-with-icon-title -->\n                                    <div class=\"text-with-icon-body\">\n                                        Rechtsberatung bei Immobilientransaktionen                                    <\/div><!-- text-with-icon-body -->\n                                <\/div><!-- text-with-icon-info -->\n                                \n                                                                    <div class=\"text-with-icon-link\">\n                                    <a href=\"#\"  ><\/a>\n                                    <\/div>\n                                \n                            <\/div><!-- text-with-icon-content-wrap -->\n                        <\/div><!-- d-flex -->\n                    <\/div><!-- text-with-icon-item  -->\n\n                    <\/div>\n    \t\t\t\t<\/div>\n\t\t\t\t<\/div>\n\t\t\t\t<div class=\"elementor-element elementor-element-c32c709 elementor-widget elementor-widget-houzez_elementor_space\" data-id=\"c32c709\" data-element_type=\"widget\" data-widget_type=\"houzez_elementor_space.default\">\n\t\t\t\t<div class=\"elementor-widget-container\">\n\t\t\t\t\t        <div class=\"houzez-spacer\">\n            <div class=\"houzez-spacer-inner\"><\/div>\n        <\/div>\n        \t\t\t\t<\/div>\n\t\t\t\t<\/div>\n\t\t\t\t\t<\/div>\n\t\t<\/div>\n\t\t\t\t\t<\/div>\n\t\t<\/section>\n\t\t\t\t<section class=\"elementor-section elementor-top-section elementor-element elementor-element-1a8c0d7f elementor-section-boxed elementor-section-height-default elementor-section-height-default elementor-invisible\" data-id=\"1a8c0d7f\" data-element_type=\"section\" data-settings=\"{&quot;animation&quot;:&quot;fadeIn&quot;}\">\n\t\t\t\t\t\t<div class=\"elementor-container elementor-column-gap-default\">\n\t\t\t\t\t<div class=\"elementor-column elementor-col-33 elementor-top-column elementor-element elementor-element-494dd404\" data-id=\"494dd404\" data-element_type=\"column\">\n\t\t\t<div class=\"elementor-widget-wrap elementor-element-populated\">\n\t\t\t\t\t\t<div class=\"elementor-element elementor-element-605ce4fc elementor-widget elementor-widget-image\" data-id=\"605ce4fc\" data-element_type=\"widget\" data-widget_type=\"image.default\">\n\t\t\t\t<div class=\"elementor-widget-container\">\n\t\t\t\t\t\t\t\t\t\t\t\t\t\t\t<img decoding=\"async\" src=\"https:\/\/eurohitproperty.com\/wp-content\/uploads\/elementor\/thumbs\/a-large-living-room-filled-with-lots-of-furniture_1440x960px-r2rhpjv3rgl6zds9o5jbl0lmeuukwazqqd98ew99yk.jpg\" title=\"a-large-living-zimmer-gef\u00fcllt-mit-lots-of-furniture_1440x960px\" alt=\"a-large-living-room-filled-with-lots-of-furniture_1440x960px\" loading=\"lazy\" \/>\t\t\t\t\t\t\t\t\t\t\t\t\t\t\t<\/div>\n\t\t\t\t<\/div>\n\t\t\t\t\t<\/div>\n\t\t<\/div>\n\t\t\t\t<div class=\"elementor-column elementor-col-66 elementor-top-column elementor-element elementor-element-799f6907\" data-id=\"799f6907\" data-element_type=\"column\">\n\t\t\t<div class=\"elementor-widget-wrap elementor-element-populated\">\n\t\t\t\t\t\t<div class=\"elementor-element elementor-element-5fae4a29 elementor-widget__width-initial elementor-widget-tablet__width-initial elementor-widget elementor-widget-text-editor\" data-id=\"5fae4a29\" data-element_type=\"widget\" data-widget_type=\"text-editor.default\">\n\t\t\t\t<div class=\"elementor-widget-container\">\n\t\t\t\t\t\t\t\t\t<h4>Unsere Geschichte<\/h4><p><strong>Euro Hit Real Estate Agency Property Ltd. arbeitet seit 2007 auf dem bulgarischen und internationalen Immobilienmarkt, die Vermittlungsaktivit\u00e4ten durch Kauf und Verkauf, Miete und Verwaltung von Immobilien.<\/strong><\/p><p>2007 startete das Unternehmen seine Aktivit\u00e4ten unter der Marke REMAX als Franchise mit zwei B\u00fcros in Burgas und im Resort. Sunny Beach.<\/p><p>Seit 2010 ist sie unabh\u00e4ngig unter der Marke Euro Hit Property t\u00e4tig.<\/p><p>Im Laufe der Jahre hat sich das Unternehmen als zuverl\u00e4ssiger Partner im Bereich Immobilienvermittlung und -transaktionen etabliert. Er ist Mitglied der National Real Estate Association.<\/p><p>Euro Hit Consultants Property verdient und beh\u00e4lt das Vertrauen unserer Kunden mit einem festen Engagement f\u00fcr den Service auf h\u00f6chstem Niveau, Kompetenz und Integrit\u00e4t.<\/p><p>Unsere Werte bestimmen die Prinzipien unseres Verhaltensteams gegen\u00fcber unseren Kunden und Partnern.<\/p>\t\t\t\t\t\t\t\t<\/div>\n\t\t\t\t<\/div>\n\t\t\t\t\t<\/div>\n\t\t<\/div>\n\t\t\t\t\t<\/div>\n\t\t<\/section>\n\t\t\t\t<section class=\"elementor-section elementor-top-section elementor-element elementor-element-12e51dfe elementor-section-boxed elementor-section-height-default elementor-section-height-default\" data-id=\"12e51dfe\" data-element_type=\"section\">\n\t\t\t\t\t\t<div class=\"elementor-container elementor-column-gap-default\">\n\t\t\t\t\t<div class=\"elementor-column elementor-col-100 elementor-top-column elementor-element elementor-element-21cb3e0a\" data-id=\"21cb3e0a\" data-element_type=\"column\">\n\t\t\t<div class=\"elementor-widget-wrap elementor-element-populated\">\n\t\t\t\t\t\t<div class=\"elementor-element elementor-element-6465f1b elementor-widget elementor-widget-houzez_elementor_space\" data-id=\"6465f1b\" data-element_type=\"widget\" data-widget_type=\"houzez_elementor_space.default\">\n\t\t\t\t<div class=\"elementor-widget-container\">\n\t\t\t\t\t        <div class=\"houzez-spacer\">\n            <div class=\"houzez-spacer-inner\"><\/div>\n        <\/div>\n        \t\t\t\t<\/div>\n\t\t\t\t<\/div>\n\t\t\t\t\t<\/div>\n\t\t<\/div>\n\t\t\t\t\t<\/div>\n\t\t<\/section>\n\t\t\t\t<section class=\"elementor-section elementor-top-section elementor-element elementor-element-505b664 elementor-reverse-tablet elementor-reverse-mobile elementor-section-boxed elementor-section-height-default elementor-section-height-default elementor-invisible\" data-id=\"505b664\" data-element_type=\"section\" data-settings=\"{&quot;animation&quot;:&quot;fadeIn&quot;}\">\n\t\t\t\t\t\t<div class=\"elementor-container elementor-column-gap-default\">\n\t\t\t\t\t<div class=\"elementor-column elementor-col-50 elementor-top-column elementor-element elementor-element-8c55db6\" data-id=\"8c55db6\" data-element_type=\"column\">\n\t\t\t<div class=\"elementor-widget-wrap elementor-element-populated\">\n\t\t\t\t\t\t<div class=\"elementor-element elementor-element-eb2a8a3 elementor-widget__width-initial elementor-widget-tablet__width-initial elementor-widget elementor-widget-text-editor\" data-id=\"eb2a8a3\" data-element_type=\"widget\" data-widget_type=\"text-editor.default\">\n\t\t\t\t<div class=\"elementor-widget-container\">\n\t\t\t\t\t\t\t\t\t<h4>Unsere Mission<\/h4><p><strong>UNSERE MISSION, KEY ZU FINDEN.<\/strong><\/p><p>Weil es nie nur ein Haus oder eine Wohnung ist. Es ist immer mehr als nur eine Lage, mehr als eine Stra\u00dfe oder eine Aussicht.<\/p><p>Wenn es um Ihr Zuhause geht, ist das, wo Sie zur\u00fcckkehren, Ihr St\u00fcck der Welt. Wo das Leben flie\u00dft, wie du getr\u00e4umt hast. Das Haus ist ein Spiegel der Pers\u00f6nlichkeit und Ihrer Familie, Ihrer rein menschlichen Bestrebungen.<\/p><p>A: Indem wir unseren Kunden professionell und qualitativ dienen, inspirieren wir Vertrauen und Sicherheit, denn bei Immobilientransaktionen ist es am wichtigsten.<\/p><p>Wir bem\u00fchen uns, hochrangig zu sein und bieten unseren Kunden nicht nur Premium-Services, sondern bieten ihnen auch gute Eigenschaften zu erschwinglichen Preisen.<\/p><p>Unsere Mission ist, nach der Abstimmung unser Vertrauen, wir, durch unsere Professionalit\u00e4t, sch\u00fctzen dieses Vertrauen und machen den besten Deal!<\/p>\t\t\t\t\t\t\t\t<\/div>\n\t\t\t\t<\/div>\n\t\t\t\t\t<\/div>\n\t\t<\/div>\n\t\t\t\t<div class=\"elementor-column elementor-col-50 elementor-top-column elementor-element elementor-element-4452f0d\" data-id=\"4452f0d\" data-element_type=\"column\">\n\t\t\t<div class=\"elementor-widget-wrap elementor-element-populated\">\n\t\t\t\t\t\t<div class=\"elementor-element elementor-element-7eacc0d elementor-widget elementor-widget-image\" data-id=\"7eacc0d\" data-element_type=\"widget\" data-widget_type=\"image.default\">\n\t\t\t\t<div class=\"elementor-widget-container\">\n\t\t\t\t\t\t\t\t\t\t\t\t\t\t\t<img decoding=\"async\" src=\"https:\/\/eurohitproperty.com\/wp-content\/uploads\/elementor\/thumbs\/elegant-white-sofa-in-a-modern-living-room-illumi_1440x961px-r2rfwqvoknvij7x2353aodbk0i9k7jpyhm23a4cey4.jpg\" title=\"elegant-wei\u00df-sofa-in-a-modern-living-room-illumi_1440x961px\" alt=\"elegant-white-sofa-in-a-modern-living-room-illumi_1440x961px\" loading=\"lazy\" \/>\t\t\t\t\t\t\t\t\t\t\t\t\t\t\t<\/div>\n\t\t\t\t<\/div>\n\t\t\t\t\t<\/div>\n\t\t<\/div>\n\t\t\t\t\t<\/div>\n\t\t<\/section>\n\t\t\t\t<section class=\"elementor-section elementor-top-section elementor-element elementor-element-555f4173 elementor-section-boxed elementor-section-height-default elementor-section-height-default\" data-id=\"555f4173\" data-element_type=\"section\">\n\t\t\t\t\t\t<div class=\"elementor-container elementor-column-gap-default\">\n\t\t\t\t\t<div class=\"elementor-column elementor-col-100 elementor-top-column elementor-element elementor-element-6794f318\" data-id=\"6794f318\" data-element_type=\"column\">\n\t\t\t<div class=\"elementor-widget-wrap elementor-element-populated\">\n\t\t\t\t\t\t<div class=\"elementor-element elementor-element-7d3565f6 elementor-widget elementor-widget-houzez_elementor_space\" data-id=\"7d3565f6\" data-element_type=\"widget\" data-widget_type=\"houzez_elementor_space.default\">\n\t\t\t\t<div class=\"elementor-widget-container\">\n\t\t\t\t\t        <div class=\"houzez-spacer\">\n            <div class=\"houzez-spacer-inner\"><\/div>\n        <\/div>\n        \t\t\t\t<\/div>\n\t\t\t\t<\/div>\n\t\t\t\t\t<\/div>\n\t\t<\/div>\n\t\t\t\t\t<\/div>\n\t\t<\/section>\n\t\t\t\t<\/div>","protected":false},"excerpt":{"rendered":"<p>\u041f\u043e\u043a\u0443\u043f\u043a\u043e-\u043f\u0440\u043e\u0434\u0430\u0436\u0431\u0438 \u041f\u043e\u0441\u0440\u0435\u0434\u043d\u0438\u0447\u0435\u0441\u0442\u0432\u043e \u043f\u0440\u0438 \u043f\u043e\u043a\u0443\u043f\u043a\u043e-\u043f\u0440\u043e\u0434\u0430\u0436\u0431\u0438 \u043d\u0430 \u043d\u0435\u0434\u0432\u0438\u0436\u0438\u043c\u0438 \u0438\u043c\u043e\u0442\u0438 \u041d\u0430\u0435\u043c\u0438 \u041f\u043e\u0441\u0440\u0435\u0434\u043d\u0438\u0447\u0435\u0441\u0442\u0432\u043e \u043f\u0440\u0438 \u043e\u0442\u0434\u0430\u0432\u0430\u043d\u0435 \u043f\u043e\u0434 \u043d\u0430\u0435\u043c \u0438 \u043d\u0430\u0435\u043c\u0430\u043d\u0435 \u043d\u0430 \u043d\u0435\u0434\u0432\u0438\u0436\u0438\u043c\u0438 \u0438\u043c\u043e\u0442\u0438 \u0418\u043c\u043e\u0442\u0438 \u0430\u043d\u0430\u043b\u0438\u0437 \u041c\u0430\u0440\u043a\u0435\u0442\u0438\u043d\u0433\u043e\u0432\u043e \u043f\u0440\u043e\u0443\u0447\u0432\u0430\u043d\u0435 \u043d\u0430 \u043f\u0430\u0437\u0430\u0440\u0430 \u0437\u0430 \u043d\u0435\u0434\u0432\u0438\u0436\u0438\u043c\u0438 \u0438\u043c\u043e\u0442\u0438 \u0418\u043f\u043e\u0442\u0435\u0447\u043d\u043e \u043a\u0440\u0435\u0434\u0438\u0442\u0438\u0440\u0430\u043d\u0435 \u041a\u043e\u043d\u0441\u0443\u043b\u0442\u0430\u0446\u0438\u0438 \u0438 \u0441\u044a\u0434\u0435\u0439\u0441\u0442\u0432\u0438\u0435 \u0437\u0430 \u043a\u0430\u043d\u0434\u0438\u0434\u0430\u0442\u0441\u0442\u0432\u0430\u043d\u0435 \u0438 \u043f\u043e\u043b\u0443\u0447\u0430\u0432\u0430\u043d\u0435 \u043d\u0430 \u0438\u043f\u043e\u0442\u0435\u0447\u043d\u0438 \u043a\u0440\u0435\u0434\u0438\u0442\u0438 \u0414\u043e\u043a\u0443\u043c\u0435\u043d\u0442\u0438 \u043e\u0444\u043e\u0440\u043c\u044f\u043d\u0435 \u041f\u0440\u0435\u0434\u0432\u0430\u0440\u0438\u0442\u0435\u043b\u043d\u043e \u043f\u0440\u043e\u0443\u0447\u0432\u0430\u043d\u0435, \u043f\u0440\u043e\u0432\u0435\u0440\u043a\u0438 \u0438 \u0441\u043d\u0430\u0431\u0434\u044f\u0432\u0430\u043d\u0435 \u0441 \u0434\u043e\u043a\u0443\u043c\u0435\u043d\u0442\u0438 \u0437\u0430 \u0444\u0438\u043d\u0430\u043b\u0438\u0437\u0438\u0440\u0430\u043d\u0435 \u043d\u0430 \u0438\u043c\u043e\u0442\u043d\u0438 \u0441\u0434\u0435\u043b\u043a\u0438 \u041f\u0440\u0430\u0432\u043d\u0438 \u0432\u044a\u043f\u0440\u043e\u0441\u0438 [&hellip;]<\/p>\n","protected":false},"author":1,"featured_media":0,"parent":0,"menu_order":0,"comment_status":"closed","ping_status":"closed","template":"elementor_header_footer","meta":{"footnotes":""},"class_list":["post-1656","page","type-page","status-publish","hentry"],"_links":{"self":[{"href":"https:\/\/eurohitproperty.com\/de\/wp-json\/wp\/v2\/pages\/1656","targetHints":{"allow":["GET"]}}],"collection":[{"href":"https:\/\/eurohitproperty.com\/de\/wp-json\/wp\/v2\/pages"}],"about":[{"href":"https:\/\/eurohitproperty.com\/de\/wp-json\/wp\/v2\/types\/page"}],"author":[{"embeddable":true,"href":"https:\/\/eurohitproperty.com\/de\/wp-json\/wp\/v2\/users\/1"}],"replies":[{"embeddable":true,"href":"https:\/\/eurohitproperty.com\/de\/wp-json\/wp\/v2\/comments?post=1656"}],"version-history":[{"count":5,"href":"https:\/\/eurohitproperty.com\/de\/wp-json\/wp\/v2\/pages\/1656\/revisions"}],"predecessor-version":[{"id":8347,"href":"https:\/\/eurohitproperty.com\/de\/wp-json\/wp\/v2\/pages\/1656\/revisions\/8347"}],"wp:attachment":[{"href":"https:\/\/eurohitproperty.com\/de\/wp-json\/wp\/v2\/media?parent=1656"}],"curies":[{"name":"wp","href":"https:\/\/api.w.org\/{rel}","templated":true}]}}