{"id":3,"date":"2025-02-21T13:00:33","date_gmt":"2025-02-21T13:00:33","guid":{"rendered":"https:\/\/eurohitproperty.com\/?page_id=3"},"modified":"2025-03-04T18:19:07","modified_gmt":"2025-03-04T16:19:07","slug":"obshti-uslovia","status":"publish","type":"page","link":"https:\/\/eurohitproperty.com\/de\/obshti-uslovia\/","title":{"rendered":"Allgemeine Gesch\u00e4ftsbedingungen"},"content":{"rendered":"<div data-elementor-type=\"wp-page\" data-elementor-id=\"3\" class=\"elementor elementor-3\" data-elementor-post-type=\"page\">\n\t\t\t\t<div class=\"elementor-element elementor-element-126af092 e-flex e-con-boxed e-con e-parent\" data-id=\"126af092\" data-element_type=\"container\">\n\t\t\t\t\t<div class=\"e-con-inner\">\n\t\t\t\t<div class=\"elementor-element elementor-element-b34f745 elementor-widget elementor-widget-text-editor\" data-id=\"b34f745\" data-element_type=\"widget\" data-widget_type=\"text-editor.default\">\n\t\t\t\t<div class=\"elementor-widget-container\">\n\t\t\t\t\t\t\t\t\t<h2>Allgemeine Bedingungen f\u00fcr die Nutzung der Dienste von Euro Hit Property<\/h2><h5>Gegenstand der allgemeinen Gesch\u00e4ftsbedingungen<\/h5><p>Diese Allgemeinen Gesch\u00e4ftsbedingungen regeln die Rechte und Pflichten von Euro Hit Property und ihrer Kunden bei der Nutzung der von der Agentur angebotenen Dienstleistungen.<\/p><h5>Dienstleistungen<\/h5><p>Euro Hit Property bietet eine Vielzahl von Dienstleistungen im Zusammenhang mit Immobilien, einschlie\u00dflich Verkauf, Vermietung, Kreditvergabe und Beratung.<\/p><h5>Rechte und Pflichten des Kunden<\/h5><p>Jeder Kunde hat das Recht auf eine kompetente und qualitativ hochwertige Dienstleistung.<br \/>Der Kunde ist verpflichtet, wahrheitsgem\u00e4\u00dfe und aktuelle Informationen \u00fcber die immobilie oder die Dienstleistung, an der er interessiert ist, bereitzustellen.<\/p><h5>Rechte und Pflichten der Agentur<\/h5><p>Euro Hit Property verpflichtet sich, die pers\u00f6nlichen Daten seiner Kunden zu sch\u00fctzen.<br \/>Die Agentur hat das Recht, eine Dienstleistung zu verweigern, wenn gegen diese Allgemeinen Gesch\u00e4ftsbedingungen oder andere gesetzliche Anforderungen versto\u00dfen wird.<\/p><h5>Preise und Zahlungen<\/h5><p>Die Dienstleistungen werden gegen eine vereinbarte Verg\u00fctung erbracht.<br \/>Alle Preise sind in Euro und k\u00f6nnen je nach Marktbedingungen korrigiert werden.<\/p><h5>Verantwortlichkeit<\/h5><p>Die Agentur \u00fcbernimmt keine Verantwortung f\u00fcr Ver\u00e4nderungen auf dem Immobilienmarkt, die sich auf den Wert der Immobilien auswirken k\u00f6nnten.<\/p><h5>Inkrafttreten und \u00c4nderungen<\/h5><p>Die allgemeinen Bedingungen treten in Kraft ab dem Datum der Ver\u00f6ffentlichung auf der Website von Euro Hit Property.<\/p><p>Die Agentur beh\u00e4lt sich das Recht vor, die Allgemeinen Gesch\u00e4ftsbedingungen jederzeit zu \u00e4ndern und ihre Kunden dar\u00fcber zu informieren.<\/p><p>Diese Allgemeinen Gesch\u00e4ftsbedingungen sind erforderlich, um die Beziehungen zwischen Euro Hit Property und ihren Kunden transparent und professionell zu gestalten.<\/p><p>F\u00fcr weitere Informationen wenden Sie sich bitte an <em><a href=\"mailto:office@eurohitproperty.com\">office@eurohitproperty.com<\/a><\/em>.<\/p>\t\t\t\t\t\t\t\t<\/div>\n\t\t\t\t<\/div>\n\t\t\t\t\t<\/div>\n\t\t\t\t<\/div>\n\t\t\t\t<\/div>","protected":false},"excerpt":{"rendered":"<p>\u041e\u0431\u0449\u0438 \u0443\u0441\u043b\u043e\u0432\u0438\u044f \u0437\u0430 \u0438\u0437\u043f\u043e\u043b\u0437\u0432\u0430\u043d\u0435 \u043d\u0430 \u0443\u0441\u043b\u0443\u0433\u0438\u0442\u0435 \u043d\u0430 Euro Hit Property \u041f\u0440\u0435\u0434\u043c\u0435\u0442 \u043d\u0430 \u041e\u0431\u0449\u0438\u0442\u0435 \u0443\u0441\u043b\u043e\u0432\u0438\u044f \u041d\u0430\u0441\u0442\u043e\u044f\u0449\u0438\u0442\u0435 \u041e\u0431\u0449\u0438 \u0443\u0441\u043b\u043e\u0432\u0438\u044f \u0443\u0440\u0435\u0436\u0434\u0430\u0442 \u043f\u0440\u0430\u0432\u0430\u0442\u0430 \u0438 \u0437\u0430\u0434\u044a\u043b\u0436\u0435\u043d\u0438\u044f\u0442\u0430 \u043d\u0430 Euro Hit Property \u0438 \u043d\u0435\u0439\u043d\u0438\u0442\u0435 \u043a\u043b\u0438\u0435\u043d\u0442\u0438 \u043f\u0440\u0438 \u043f\u043e\u043b\u0437\u0432\u0430\u043d\u0435 \u043d\u0430 \u0443\u0441\u043b\u0443\u0433\u0438\u0442\u0435, \u043f\u0440\u0435\u0434\u043b\u0430\u0433\u0430\u043d\u0438 \u043e\u0442 \u0430\u0433\u0435\u043d\u0446\u0438\u044f\u0442\u0430. \u0423\u0441\u043b\u0443\u0433\u0438 Euro Hit Property \u043f\u0440\u0435\u0434\u043e\u0441\u0442\u0430\u0432\u044f \u0440\u0430\u0437\u043d\u043e\u043e\u0431\u0440\u0430\u0437\u043d\u0438 \u0443\u0441\u043b\u0443\u0433\u0438, \u0441\u0432\u044a\u0440\u0437\u0430\u043d\u0438 \u0441 \u043d\u0435\u0434\u0432\u0438\u0436\u0438\u043c\u0438\u0442\u0435 \u0438\u043c\u043e\u0442\u0438, \u0432\u043a\u043b\u044e\u0447\u0438\u0442\u0435\u043b\u043d\u043e \u043f\u043e\u043a\u0443\u043f\u043a\u043e-\u043f\u0440\u043e\u0434\u0430\u0436\u0431\u0438, \u043d\u0430\u0435\u043c\u0438, \u043a\u0440\u0435\u0434\u0438\u0442\u0438 \u0438 \u043a\u043e\u043d\u0441\u0443\u043b\u0442\u0430\u0446\u0438\u0438. \u041f\u0440\u0430\u0432\u0430 \u0438 \u0437\u0430\u0434\u044a\u043b\u0436\u0435\u043d\u0438\u044f [&hellip;]<\/p>\n","protected":false},"author":1,"featured_media":0,"parent":0,"menu_order":0,"comment_status":"closed","ping_status":"closed","template":"elementor_header_footer","meta":{"footnotes":""},"class_list":["post-3","page","type-page","status-publish","hentry"],"_links":{"self":[{"href":"https:\/\/eurohitproperty.com\/de\/wp-json\/wp\/v2\/pages\/3","targetHints":{"allow":["GET"]}}],"collection":[{"href":"https:\/\/eurohitproperty.com\/de\/wp-json\/wp\/v2\/pages"}],"about":[{"href":"https:\/\/eurohitproperty.com\/de\/wp-json\/wp\/v2\/types\/page"}],"author":[{"embeddable":true,"href":"https:\/\/eurohitproperty.com\/de\/wp-json\/wp\/v2\/users\/1"}],"replies":[{"embeddable":true,"href":"https:\/\/eurohitproperty.com\/de\/wp-json\/wp\/v2\/comments?post=3"}],"version-history":[{"count":5,"href":"https:\/\/eurohitproperty.com\/de\/wp-json\/wp\/v2\/pages\/3\/revisions"}],"predecessor-version":[{"id":6865,"href":"https:\/\/eurohitproperty.com\/de\/wp-json\/wp\/v2\/pages\/3\/revisions\/6865"}],"wp:attachment":[{"href":"https:\/\/eurohitproperty.com\/de\/wp-json\/wp\/v2\/media?parent=3"}],"curies":[{"name":"wp","href":"https:\/\/api.w.org\/{rel}","templated":true}]}}