{"id":745,"date":"2016-03-10T18:51:46","date_gmt":"2016-03-10T18:51:46","guid":{"rendered":"https:\/\/demo05.houzez.co\/?page_id=745"},"modified":"2025-03-04T18:17:20","modified_gmt":"2025-03-04T16:17:20","slug":"politika-za-poveritelnost","status":"publish","type":"page","link":"https:\/\/eurohitproperty.com\/de\/politika-za-poveritelnost\/","title":{"rendered":"Datenschutzerkl\u00e4rung"},"content":{"rendered":"<div data-elementor-type=\"wp-page\" data-elementor-id=\"745\" class=\"elementor elementor-745\" data-elementor-post-type=\"page\">\n\t\t\t\t<div class=\"elementor-element elementor-element-2b2dcf28 e-flex e-con-boxed e-con e-parent\" data-id=\"2b2dcf28\" data-element_type=\"container\">\n\t\t\t\t\t<div class=\"e-con-inner\">\n\t\t\t\t<div class=\"elementor-element elementor-element-3f46457c elementor-widget elementor-widget-text-editor\" data-id=\"3f46457c\" data-element_type=\"widget\" data-widget_type=\"text-editor.default\">\n\t\t\t\t<div class=\"elementor-widget-container\">\n\t\t\t\t\t\t\t\t\t<h2>Die Privatsph\u00e4re-Richtlinie von Euro Hit Property<\/h2><p>Diese Datenschutzerkl\u00e4rung beschreibt, wie Euro Hit Property die pers\u00f6nlichen Informationen seiner Kunden und Website-Besucher sammelt, verwendet und sch\u00fctzt.<\/p><h5>Sammlung von Informationen<\/h5><p>Euro Hit Property sammelt pers\u00f6nliche Informationen wie Namen, E-Mail-Adresse, Telefonnummer und andere Informationen, die f\u00fcr die Erbringung unserer Dienstleistungen erforderlich sind.<\/p><h5>Nutzung der Informationen<\/h5><p>Die erfassten Informationen werden verwendet, um:<\/p><ul><li>Kontaktaufnahme mit Kunden bez\u00fcglich Dienstleistungen und Anfragen.<\/li><li>Verbesserung der Dienstleistungen.<\/li><li>Versenden von Marketingmaterialien, wenn dies ausdr\u00fccklich zugelassen ist.<\/li><\/ul><h5>Datenschutz<\/h5><p>Euro Hit Property hat technische und organisatorische Ma\u00dfnahmen ergriffen, um die personenbezogenen Daten vor unerlaubtem Zugriff, Verlust oder Missbrauch zu sch\u00fctzen.<\/p><h5>Informationsaustausch<\/h5><p>Euro Hit Property gibt keine personenbezogenen Daten an Dritte weiter, es sei denn, dies ist zur Erbringung der Dienstleistungen oder gesetzlich erforderlich.<\/p><h5>Cookies<\/h5><p>Die Website von Euro Hit Property verwendet Cookies, um die Benutzererfahrung zu verbessern.<\/p><h5>Verbraucherrechte<\/h5><p>Nutzer haben das Recht, auf die Verarbeitung ihrer personenbezogenen Daten zuzugreifen, sie zu korrigieren, sie zu l\u00f6schen und sie einzuschr\u00e4nken.<\/p><h5>\u00c4nderungen der Datenschutzrichtlinie<\/h5><p>Euro Hit Property beh\u00e4lt sich das Recht vor, diese Datenschutzrichtlinie jederzeit zu \u00e4ndern, indem sie \u00fcber die Website dar\u00fcber informiert wird.<\/p><h5>Kontakte<\/h5><p>F\u00fcr Fragen zur Datenschutzrichtlinie wenden Sie sich bitte an <em><a href=\"mailto:office@eurohitproperty.com\">office@eurohitproperty.com<\/a><\/em>.<\/p>\t\t\t\t\t\t\t\t<\/div>\n\t\t\t\t<\/div>\n\t\t\t\t\t<\/div>\n\t\t\t\t<\/div>\n\t\t\t\t<\/div>","protected":false},"excerpt":{"rendered":"<p>\u041f\u043e\u043b\u0438\u0442\u0438\u043a\u0430 \u0437\u0430 \u043f\u043e\u0432\u0435\u0440\u0438\u0442\u0435\u043b\u043d\u043e\u0441\u0442 \u043d\u0430 Euro Hit Property \u041d\u0430\u0441\u0442\u043e\u044f\u0449\u0430\u0442\u0430 \u041f\u043e\u043b\u0438\u0442\u0438\u043a\u0430 \u0437\u0430 \u043f\u043e\u0432\u0435\u0440\u0438\u0442\u0435\u043b\u043d\u043e\u0441\u0442 \u043e\u043f\u0438\u0441\u0432\u0430 \u043a\u0430\u043a Euro Hit Property \u0441\u044a\u0431\u0438\u0440\u0430, \u0438\u0437\u043f\u043e\u043b\u0437\u0432\u0430 \u0438 \u0437\u0430\u0449\u0438\u0442\u0430\u0432\u0430 \u043b\u0438\u0447\u043d\u0430\u0442\u0430 \u0438\u043d\u0444\u043e\u0440\u043c\u0430\u0446\u0438\u044f \u043d\u0430 \u0441\u0432\u043e\u0438\u0442\u0435 \u043a\u043b\u0438\u0435\u043d\u0442\u0438 \u0438 \u043f\u043e\u0441\u0435\u0442\u0438\u0442\u0435\u043b\u0438 \u043d\u0430 \u0443\u0435\u0431\u0441\u0430\u0439\u0442\u0430. \u0421\u044a\u0431\u0438\u0440\u0430\u043d\u0435 \u043d\u0430 \u0438\u043d\u0444\u043e\u0440\u043c\u0430\u0446\u0438\u044f Euro Hit Property \u0441\u044a\u0431\u0438\u0440\u0430 \u043b\u0438\u0447\u043d\u0430 \u0438\u043d\u0444\u043e\u0440\u043c\u0430\u0446\u0438\u044f \u043a\u0430\u0442\u043e \u0438\u043c\u0435, \u0438\u043c\u0435\u0439\u043b \u0430\u0434\u0440\u0435\u0441, \u0442\u0435\u043b\u0435\u0444\u043e\u043d\u0435\u043d \u043d\u043e\u043c\u0435\u0440 \u0438 \u0434\u0440\u0443\u0433\u0430 \u0438\u043d\u0444\u043e\u0440\u043c\u0430\u0446\u0438\u044f, \u043d\u0435\u043e\u0431\u0445\u043e\u0434\u0438\u043c\u0430 \u0437\u0430 \u043f\u0440\u0435\u0434\u043e\u0441\u0442\u0430\u0432\u044f\u043d\u0435 \u043d\u0430 \u043d\u0430\u0448\u0438\u0442\u0435 \u0443\u0441\u043b\u0443\u0433\u0438. \u0418\u0437\u043f\u043e\u043b\u0437\u0432\u0430\u043d\u0435 \u043d\u0430 [&hellip;]<\/p>\n","protected":false},"author":1,"featured_media":0,"parent":0,"menu_order":0,"comment_status":"closed","ping_status":"closed","template":"elementor_header_footer","meta":{"footnotes":""},"class_list":["post-745","page","type-page","status-publish","hentry"],"_links":{"self":[{"href":"https:\/\/eurohitproperty.com\/de\/wp-json\/wp\/v2\/pages\/745","targetHints":{"allow":["GET"]}}],"collection":[{"href":"https:\/\/eurohitproperty.com\/de\/wp-json\/wp\/v2\/pages"}],"about":[{"href":"https:\/\/eurohitproperty.com\/de\/wp-json\/wp\/v2\/types\/page"}],"author":[{"embeddable":true,"href":"https:\/\/eurohitproperty.com\/de\/wp-json\/wp\/v2\/users\/1"}],"replies":[{"embeddable":true,"href":"https:\/\/eurohitproperty.com\/de\/wp-json\/wp\/v2\/comments?post=745"}],"version-history":[{"count":5,"href":"https:\/\/eurohitproperty.com\/de\/wp-json\/wp\/v2\/pages\/745\/revisions"}],"predecessor-version":[{"id":6862,"href":"https:\/\/eurohitproperty.com\/de\/wp-json\/wp\/v2\/pages\/745\/revisions\/6862"}],"wp:attachment":[{"href":"https:\/\/eurohitproperty.com\/de\/wp-json\/wp\/v2\/media?parent=745"}],"curies":[{"name":"wp","href":"https:\/\/api.w.org\/{rel}","templated":true}]}}